{"id":433,"date":"2021-02-16T16:44:11","date_gmt":"2021-02-16T15:44:11","guid":{"rendered":"https:\/\/mjswidnica.home.pl\/esklep\/?page_id=433"},"modified":"2025-12-08T11:51:46","modified_gmt":"2025-12-08T10:51:46","slug":"mesmerize","status":"publish","type":"page","link":"https:\/\/mjswidnica.home.pl\/esklep\/","title":{"rendered":"Front Page"},"content":{"rendered":"<div  id=\"about-1\" class=\"about-10 content-section content-section-spacing\" style=\"background-color: #f5fafd;\" data-label=\"About\" data-id=\"about--1\" data-export-id=\"about-10\" data-category=\"about\">\n<div  class=\"gridContainer\">\n<div  class=\"row middle-sm text-center\">\n<div  class=\"col-sm-5 space-bottom-xs content-column content-center-sm\" data-type=\"column\">\n<h4  class=\"\">M &amp; J<\/h4>\n<p  class=\"\">Sp\u00f3\u0142ka M&amp;J powsta\u0142a w 1985 roku i od tego czasu ugruntowa\u0142a swoj\u0105 pozycj\u0119 lidera w regionie.\nPosiadamy w\u0142asne centrum logistyczne w \u015awidnicy wraz z rozbudowan\u0105 flot\u0105 transportow\u0105. Jeste\u015bmy licz\u0105cym si\u0119 w skali kraju dystrybutorem hurtowym.\nNale\u017cymy do najsilniejszej polskiej, hurtowej grupy zakupowej PSH Unia S.A.\nTo pozwala nam na najlepsze warunki zakupu od naszych dostawc\u00f3w.\nJeste\u015bmy producentem i w\u0142a\u015bcicielem najsilniejszej lokalnej marki \u201e\u015awidnicki\u201d. Sekretem i zalet\u0105 \u201eMajonezu \u015awidnickiego\u201d jest niezmienna od 40 lat receptura i smak.\n\u201eMajonez \u015awidnicki\u201d to produkt znany i ceniony ze swojego \u0142agodnego smaku, g\u0119stej i kremowej konsystencji.\n\u201e\u015awidnicki\u201d oferuje czysto\u015b\u0107 natury, jest produktem wolnym od konserwant\u00f3w i sztucznych barwnik\u00f3w.<\/p>\n\n<\/div>\n<div  class=\"col-sm-7 flexbox middle-xs center-xs space-bottom-xs\">\n<div  class=\"overlay-box middle-xs center-xs flexbox\">\n<div  class=\"overlay-box-offset shadow-medium border-color1 offset-background\"><\/div>\n<img  decoding=\"async\" class=\"shadow-large\" title=\"hurtownia-spozywcza-700x410\" src=\"https:\/\/i0.wp.com\/mjswidnica.home.pl\/esklep\/wp-content\/uploads\/cropped-hurtownia-spozywcza-700x410-1.jpg?w=3840&amp;ssl=1\" alt=\"\" data-recalc-dims=\"1\" data-size=\"485x705\">\n\n<\/div>\n<\/div>\n<\/div>\n<\/div>\n<\/div><div  id=\"atuty\" class=\"overlappable-4 content-section content-section-spacing\" style=\"background-color: #ffffff;\" data-label=\"atuty\" data-id=\"overlappable--1\" data-export-id=\"overlappable-4\" data-category=\"overlappable\" data-overlap=\"true\">\n<div  class=\"gridContainer\">\n<div  class=\"row spaced-cols text-center content-left-sm\" data-type=\"row\">\n<div  class=\"col-xs-12 col-sm-4 col-padding col-md-6 \"><i  class=\"fa icon shadow-large-black aligncenter color1 fa-thumbs-up bordered round large\"><\/i>\n<div  class=\"\" data-type=\"column\">\n<h3  class=\"\">Nasze atuty<\/h3>\n<p  class=\"\">\u2013 40 lat do\u015bwiadczenia na rynku&nbsp;<br >\u2013 budujemy relacje d\u0142ugoterminowe oparte na szacunku&nbsp;<br >\u2013 w\u0142asna baza transportowa gwarantem pewno\u015bci dostaw&nbsp;<br >\u2013 wysokiej jako\u015bci produkty marki w\u0142asnej \u201e\u015aWIDNICKI\u201d&nbsp;<br >\u2013 gwarancja wysokiej jako\u015bci produkt\u00f3w \u015bwie\u017cych&nbsp;<br >\u2013 transparentne zasady wsp\u00f3\u0142pracy<\/p><img  decoding=\"async\" class=\"custom-image\" title=\"cropped-cropped-cropped-cropped-fuhrpark-pandotax-1.webp\" src=\"https:\/\/i0.wp.com\/mjswidnica.home.pl\/esklep\/wp-content\/uploads\/cropped-cropped-cropped-cropped-fuhrpark-pandotax-1.webp?w=3840&amp;ssl=1\" alt=\"\" data-recalc-dims=\"1\">\n\n\n<\/div>\n<\/div>\n<div  class=\"col-xs-12 col-sm-4 col-padding col-md-6 \"><i  class=\"fa icon shadow-large-black aligncenter color1 fa-line-chart bordered round large\"><\/i>\n<div  class=\"\" data-type=\"column\">\n<h3  class=\"\">Dlaczego warto nam zaufa\u0107<\/h3>\n<p  class=\"\">\u2013 profesjonalna obs\u0142uga i doradztwo&nbsp;<br >\u2013 nasz zesp\u00f3\u0142 doradc\u00f3w handlowych s\u0142u\u017cy wsparciem na ka\u017cdym etapie wsp\u00f3\u0142pracy&nbsp;<br >\u2013 budowanie relacji biznesowych&nbsp;<br >\u2013 atrakcyjne warunki handlowe&nbsp;<br >\u2013 szeroko\u015b\u0107 i elastyczno\u015b\u0107 oferty handlowej&nbsp;<\/p>\n<img  decoding=\"async\" class=\"custom-image\" title=\"hazhozszallitas-358094\" src=\"https:\/\/i0.wp.com\/mjswidnica.home.pl\/esklep\/wp-content\/uploads\/cropped-cropped-cropped-hazhozszallitas-358094-1.jpg?w=3840&amp;ssl=1\" alt=\"\" data-recalc-dims=\"1\">\n\n<\/div>\n<\/div>\n<\/div>\n<\/div>\n<\/div><div  id=\"oferta\" class=\"features-13 content-section content-section-spacing\" style=\"background-color: #ffffff; background-image: none;\" data-label=\"Oferta\" data-id=\"features--2\" data-export-id=\"features-13\" data-category=\"features\">\n<div  class=\"gridContainer\">\n<div  class=\"row text-center\">\n<div  class=\"section-title-col\" data-type=\"column\">\n<h3  class=\"\">Nasza oferta<\/h3>\n<p  class=\"lead\">W ci\u0105g\u0142ej sprzedazy \u2026<\/p>\n\n<\/div>\n<\/div>\n<div  class=\"row spaced-cols\" data-type=\"row\">\n<div  class=\"col col-sm-6 col-md-3 space-bottom\"><i  class=\"fa icon color1 fa-copyright reverse round big\"><\/i>\n<h4  class=\"\">Wyroby Marki w\u0142asnej<\/h4>\n<p  class=\"\">Wysokiej jako\u015bci produkty spozywcze, t\u0142uszcze i przyprawy marki \u015awidnicki ciesz\u0105 si\u0119 nies\u0142abn\u0105cym uznaniem w\u015br\u00f3d konsument\u00f3w.<\/p>\n\n<\/div>\n<div  class=\"col col-sm-6 col-md-3 space-bottom\"><i  class=\"fa icon color1 fa-globe reverse round big\"><\/i>\n<h4  class=\"\">Szeroka oferta producent\u00f3w<\/h4>\n<p  class=\"\">Wsp\u00f3\u0142pracujemy z czo\u0142owymi producentami i dostawcami. W ofercie posiadamy r\u00f3wnie\u017c produkty firm regionalnych.<\/p>\n\n<\/div>\n<div  class=\"col col-sm-6 col-md-3 space-bottom\"><i  class=\"fa icon color1 fa-pagelines reverse round big\"><\/i>\n<h4  class=\"\">\u015awie\u017ce warzywa i owoce<\/h4>\n<p  class=\"\">Codzienne dostawy szerokiego asortymentu \u015bwie\u017cych owoc\u00f3w i warzyw<\/p>\n\n<\/div>\n<div  class=\"col col-sm-6 col-md-3 space-bottom\"><i  class=\"fa icon color1 fa-cutlery reverse round big\"><\/i>\n<h4  class=\"\">Produkty gastronomiczne<\/h4>\n<p  class=\"\">Produkty dla restauracji, pizzerii, bar\u00f3w, sto\u0142\u00f3wek i firm cateringowych.<\/p>\n\n<\/div>\n<\/div>\n<\/div>\n<\/div><div  id=\"portfolio-1\" class=\"portfolio-5 content-section content-section-spacing\" style=\"background-color: #ffffff; background-image: none;\" data-label=\"Portfolio\" data-id=\"portfolio--1\" data-export-id=\"portfolio-5\" data-category=\"portfolio\">\n<div  class=\"gridContainer\">\n<div  class=\"row text-center\">\n<div  class=\"section-title-col\" data-type=\"column\">\n<h3  class=\"\">Sprawd\u017a nas<\/h3>\n<\/div>\n<\/div>\n<div  class=\"row space-bottom spaced-cols\" data-type=\"row\">\n<div  class=\"col-xs-12 col-sm-4 text-center\">\n<div  class=\"card no-padding bordered\">\n<div  class=\"contentswap-effect\" data-hover-fx=\"portfolio-6\">\n<div  class=\"initial-image\"><img  data-recalc-dims=\"1\" decoding=\"async\" src=\"https:\/\/i0.wp.com\/mjswidnica.home.pl\/esklep\/wp-content\/uploads\/RACZKA-okladka.jpg?w=3840&amp;ssl=1\" data-size=\"500x333\"><\/div>\n<div  class=\"overlay bg-color6\"><\/div>\n<div  class=\"swap-inner col-xs-12\">\n<div  class=\"row full-height-row middle-xs middle-sm\">\n<div  class=\"col-xs-12 text-center content-holder\"><a  class=\"button small color2\" href=\"https:\/\/mjswidnica.home.pl\/esklep?page_id=6733\" target=\"_self\" rel=\"noopener\" data-cp-link=\"1\">Aktualna gazetka promocyjna<\/a><\/div>\n<\/div>\n<\/div>\n<\/div>\n<div  class=\"col-xs-12\">\n<div  class=\"space-bottom space-top\" data-type=\"column\">\n<h5  class=\"\">Gazetka Promocyjna M&amp;J<\/h5>\n<p  class=\"small italic\">Sprawd\u017a jakie atrakcyjne okazje zakupowe przygotowali\u015bmy dla Ciebie<\/p>\n\n<\/div>\n<\/div>\n<\/div>\n<\/div>\n<div  class=\"col-xs-12 col-sm-4 text-center\">\n<div  class=\"card no-padding bordered\">\n<div  class=\"contentswap-effect\" data-hover-fx=\"portfolio-6\">\n<div  class=\"initial-image\"><img  decoding=\"async\" src=\"https:\/\/i0.wp.com\/mjswidnica.home.pl\/esklep\/wp-content\/uploads\/okladka-GRUDZIEN-2025-2.jpg?w=3840&#038;ssl=1\" data-recalc-dims=\"1\" data-size=\"500x333\"><\/div>\n<div  class=\"overlay bg-color6\"><\/div>\n<div  class=\"swap-inner col-xs-12\">\n<div  class=\"row full-height-row middle-xs middle-sm\">\n<div  class=\"col-xs-12 text-center content-holder\"><a  class=\"button small color2\" href=\"#\" target=\"_self\" rel=\"noopener\" data-cp-link=\"1\">\u201eMajonez, co robi r\u00f3\u017cnic\u0119\u2026\u201d<\/a><\/div>\n<\/div>\n<\/div>\n<\/div>\n<div  class=\"col-xs-12\">\n<div  class=\"space-bottom space-top\" data-type=\"column\">\n<h5  class=\"\">Promocje na ju\u017c!<\/h5>\n<p  class=\"small italic\">Skorzystaj z promocji tygodniowych<\/p>\n\n<\/div>\n<\/div>\n<\/div>\n<\/div>\n<div  class=\"col-xs-12 col-sm-4 text-center\">\n<div  class=\"card no-padding bordered\">\n<div  class=\"contentswap-effect\" data-hover-fx=\"portfolio-6\">\n<div  class=\"initial-image\"><img  decoding=\"async\" src=\"https:\/\/i0.wp.com\/mjswidnica.home.pl\/esklep\/wp-content\/uploads\/cropped-008-1.jpg?w=3840&amp;ssl=1\" data-recalc-dims=\"1\" data-size=\"500x333\"><\/div>\n<div  class=\"overlay bg-color6\"><\/div>\n<div  class=\"swap-inner col-xs-12\">\n<div  class=\"row full-height-row middle-xs middle-sm\">\n<div  class=\"col-xs-12 text-center content-holder\"><a  class=\"button small color2\" href=\"https:\/\/mj.psi2b.pl\/login\" target=\"_blank\" rel=\"noopener\" data-cp-link=\"1\">e-Zam\u00f3wienia<\/a><\/div>\n<\/div>\n<\/div>\n<\/div>\n<div  class=\"col-xs-12\">\n<div  class=\"space-bottom space-top\" data-type=\"column\">\n<h5  class=\"\">e-Zam\u00f3wienia<\/h5>\n<p  class=\"small italic\">Wybierz, kliknij a mu zajmiemy si\u0119 dostaw\u0105..<\/p>\n\n<\/div>\n<\/div>\n<\/div>\n<\/div>\n<\/div>\n<div  class=\"row\">\n<div  class=\"col-xs-12 text-center\" data-type=\"column\"><\/div>\n<\/div>\n<\/div>\n<\/div><div  id=\"klienci\" class=\"features-13 content-section content-section-spacing\" style=\"background-color: #ffffff; background-image: none;\" data-label=\"klienci\" data-id=\"features--1\" data-export-id=\"features-13-card-bordered\" data-category=\"features\">\n<div  class=\"\">\n<div  class=\"row text-center\">\n<div  class=\"section-title-col\" data-type=\"column\">\n<h3  class=\"\">Dostawcy<\/h3>\n<img  data-recalc-dims=\"1\" fetchpriority=\"high\" decoding=\"async\" class=\"custom-image\" title=\"MJ GAZETKA WRZESIE\u253c\u00e2 PDF-obrazy-19\" src=\"https:\/\/i0.wp.com\/mjswidnica.home.pl\/esklep\/wp-content\/uploads\/MJ-GAZETKA-WRZESIE%E2%94%BCa-PDF-obrazy-19-scaled.jpg?w=3840&amp;ssl=1\" alt=\"\">\n<h3  class=\"\">Klienci<\/h3>\n<\/div>\n<\/div>\n<div  class=\"row spaced-cols content-center-sm\" data-type=\"row\">\n<div  class=\"col-sm-4 col-md-6 \">\n<div  class=\"card bordered y-move\" data-type=\"column\"><i  class=\"fa icon color1 fa-coffee reverse round big\"><\/i>\n<h4  class=\"\">Gastronomia<\/h4>\n<p  class=\"\">Hotele, restauracje, bary, firmy cateringowe<\/p>\n\n<\/div>\n<\/div>\n<div  class=\"col-sm-4 col-md-6 \">\n<div  class=\"card bordered y-move\" data-type=\"column\"><i  class=\"fa icon color1 fa-shopping-cart reverse round big\"><\/i>\n<h4  class=\"\">Handel detaliczny<\/h4>\n<p  class=\"\">Sklepy, supermarkety, sieci handlowe<\/p>\n\n<\/div>\n<\/div>\n<\/div>\n<\/div>\n<\/div><div  id=\"kontakt\" class=\"team-5 content-section content-section-spacing\" style=\"background-color: #f5fafd;\" data-label=\"Kontakt\" data-id=\"team--1\" data-export-id=\"team-5\" data-category=\"team\">\n<div  class=\"gridContainer\">\n<div  class=\"row text-center\">\n<div  class=\"section-title-col\" data-type=\"column\">\n<h4  class=\"\"><strong >P.P.H.U.\u201eM&amp;J\u201dSp.J\n<\/strong>Centrum Logistyczne w \u015awidnicy\nul. Kasztanowa 5, 58-100 \u015awidnica<\/h4>\n<a  class=\"button blue\" href=\"https:\/\/mjswidnica.home.pl\/esklep?page_id=825\" target=\"_self\" rel=\"noopener\" data-cp-link=\"1\">Poka\u017c map\u0119\u2026<\/a>\n<h4  class=\"\">Godziny pracy :\n\npon-pt&nbsp; 6 \u2013 16<\/h4>\nsobota&nbsp; nieczynne\n\n<\/div>\n<\/div>\n<div  class=\"row spaced-cols content-center-sm\" data-type=\"row\">\n<div  class=\"col-xs-12 col-sm-6 col-padding col-md-4 \">\n<div  class=\"row \">\n<div  class=\"col-xs-12 col-sm-12\" data-type=\"column\">\n<h4  class=\"font-500\">Sekretariat<\/h4>\n<p  class=\"\">tel. +48 74 8522391,\n\n+48 74 8530646<\/p>\n<a  class=\"link\" href=\"mailto:mj@mj.swidnica.pl\" target=\"_blank\" rel=\"noopener\" data-cp-link=\"1\">mj@mj.swidnica.pl<\/a>\n<div  class=\"social-icons-group\" data-type=\"group\"><\/div>\n<\/div>\n<\/div>\n<\/div>\n<div  class=\"col-xs-12 col-sm-6 col-padding col-md-4 \">\n<div  class=\"row \">\n<div  class=\"col-xs-12 col-sm-12\" data-type=\"column\">\n<div  class=\"social-icons-group\" data-type=\"group\"><\/div>\n<\/div>\n<\/div>\n<\/div>\n<div  class=\"col-xs-12 col-sm-6 col-padding col-md-4 \">\n<div  class=\"row \">\n<div  class=\"col-xs-12 col-sm-12\" data-type=\"column\">\n<h4  class=\"font-500\">Manager ds. Gastronomii<\/h4>\n<p  class=\"italic\">Daniel Guszul<\/p>\n<p  class=\"\">tel +48 665 895 550<\/p>\n<a  class=\"link\" href=\"mailto:dguszul@mj.swidnica.pl\" target=\"_blank\" rel=\"noopener\" data-cp-link=\"1\">dguszul@mj.swidnica.pl<\/a>\n<div  class=\"social-icons-group\" data-type=\"group\"><\/div>\n<\/div>\n<\/div>\n<\/div>\n<div  class=\"col-xs-12 col-sm-6 col-padding col-md-4 \">\n<div  class=\"row \">\n<div  class=\"col-xs-12 col-sm-12\" data-type=\"column\">\n<h4  class=\"font-500\">Dzia\u0142 Realizacji Zam\u00f3wie\u0144<\/h4>\n<p  class=\"italic\">Maciej Pawlik<\/p>\n<p  class=\"\">tel. +48 74 8522391,\n+48 74 8530646<\/p>\n<a  class=\"link\" href=\"mailto:mj@mj.swidnica.pl\" target=\"_blank\" rel=\"noopener\" data-cp-link=\"1\">mj@mj.swidnica.pl<\/a>\n<div  class=\"social-icons-group\" data-type=\"group\"><\/div>\n<\/div>\n<\/div>\n<\/div>\n<div  class=\"col-xs-12 col-sm-6 col-padding col-md-4 \">\n<div  class=\"row \">\n<div  class=\"col-xs-12 col-sm-12\" data-type=\"column\">\n<h4  class=\"font-500\">Ksi\u0119gowo\u015b\u0107<\/h4>\n<p  class=\"\">tel. +48 74 8522391,\n+48 74 8530646<\/p>\n<a  class=\"link\" href=\"mailto:wpawlina@mj.swidnica.pl\" target=\"_blank\" rel=\"noopener\" data-cp-link=\"1\">wpawlina@mj.swidnica.pl<\/a><a  class=\"link\" href=\"mailto:amichalska@mj.swidnica.pl\" target=\"_blank\" rel=\"noopener\" data-cp-link=\"1\">amichalska@mj.swidnica.pl<\/a>\n<div  class=\"social-icons-group\" data-type=\"group\"><\/div>\n<\/div>\n<\/div>\n<\/div>\n<div  class=\"col-xs-12 col-sm-6 col-padding col-md-4 \">\n<div  class=\"row \">\n<div  class=\"col-xs-12 col-sm-12\" data-type=\"column\">\n<h4  class=\"font-500\">Rozliczenia<\/h4>\n<p  class=\"\">tel. +48 74 8522391,\n+48 74 8530646<\/p>\n<a  class=\"link\" href=\"mailto:kasa@mj.swidnica.pl\" target=\"_blank\" rel=\"noopener\" data-cp-link=\"1\">kasa@mj.swidnica.pl<\/a>\n<div  class=\"social-icons-group\" data-type=\"group\"><\/div>\n<\/div>\n<\/div>\n<\/div>\n<\/div>\n<\/div>\n<\/div><div  id=\"formularz\" class=\"contact-1 content-section content-section-spacing white-text\" style=\"background-color: #ffffff; background-size: cover; background-position: center top; background-image: url('https:\/\/mjswidnica.home.pl\/esklep\/wp-content\/uploads\/2021\/02\/cropped-cropped-logo-e1613467885295.gif');\" data-label=\"formularz\" data-id=\"contact--1\" data-export-id=\"contact-1\" data-category=\"contact\" data-parallax-depth=\"20\">\n<div  class=\"\">\n<div  class=\"row text-center\">\n<div  class=\"section-title-col\" data-type=\"column\">\n<h2  class=\"\">Skontaktuj si\u0119 z nami<\/h2>\n<p  class=\"lead\">w ka\u017cdej sprawie<\/p>\n\n<\/div>\n<\/div>\n<div  class=\"row text-center\">\n<div  class=\"col-xs-12 col-sm-8 col-sm-offset-2 contact-form-wrapper\">\n<div  class=\"card large-padding\">\n<div  class=\"\" data-content-shortcode=\"mesmerize_contact_form shortcode=&quot;contact-form-7 id=&amp;amp;quot;311&amp;amp;quot; title=&amp;amp;quot;Formularz 1&quot;\" data-editable=\"true\">\n<div class=\"wpcf7 no-js\" id=\"wpcf7-f311-o1\" lang=\"pl-PL\" dir=\"ltr\" data-wpcf7-id=\"311\">\n<div class=\"screen-reader-response\"><p role=\"status\" aria-live=\"polite\" aria-atomic=\"true\"><\/p> <ul><\/ul><\/div>\n<form action=\"\/esklep\/index.php?rest_route=%2Fwp%2Fv2%2Fpages%2F433#wpcf7-f311-o1\" method=\"post\" class=\"wpcf7-form init\" aria-label=\"Formularz kontaktowy\" novalidate=\"novalidate\" data-status=\"init\">\n<fieldset class=\"hidden-fields-container\"><input type=\"hidden\" name=\"_wpcf7\" value=\"311\" \/><input type=\"hidden\" name=\"_wpcf7_version\" value=\"6.1.3\" \/><input type=\"hidden\" name=\"_wpcf7_locale\" value=\"pl_PL\" \/><input type=\"hidden\" name=\"_wpcf7_unit_tag\" value=\"wpcf7-f311-o1\" \/><input type=\"hidden\" name=\"_wpcf7_container_post\" value=\"0\" \/><input type=\"hidden\" name=\"_wpcf7_posted_data_hash\" value=\"\" \/>\n<\/fieldset>\n<p><label> Twoje imi\u0119<br \/>\n<span class=\"wpcf7-form-control-wrap\" data-name=\"your-name\"><input size=\"40\" maxlength=\"400\" class=\"wpcf7-form-control wpcf7-text wpcf7-validates-as-required\" aria-required=\"true\" aria-invalid=\"false\" value=\"\" type=\"text\" name=\"your-name\" \/><\/span> <\/label>\n<\/p>\n<p><label> Tw\u00f3j email<br \/>\n<span class=\"wpcf7-form-control-wrap\" data-name=\"your-email\"><input size=\"40\" maxlength=\"400\" class=\"wpcf7-form-control wpcf7-email wpcf7-validates-as-required wpcf7-text wpcf7-validates-as-email\" aria-required=\"true\" aria-invalid=\"false\" value=\"\" type=\"email\" name=\"your-email\" \/><\/span> <\/label>\n<\/p>\n<p><label> Temat<br \/>\n<span class=\"wpcf7-form-control-wrap\" data-name=\"your-subject\"><input size=\"40\" maxlength=\"400\" class=\"wpcf7-form-control wpcf7-text wpcf7-validates-as-required\" aria-required=\"true\" aria-invalid=\"false\" value=\"\" type=\"text\" name=\"your-subject\" \/><\/span> <\/label>\n<\/p>\n<p><label> Twoja wiadomo\u015bci (opcja)<br \/>\n<span class=\"wpcf7-form-control-wrap\" data-name=\"your-message\"><textarea cols=\"40\" rows=\"10\" maxlength=\"2000\" class=\"wpcf7-form-control wpcf7-textarea\" aria-invalid=\"false\" name=\"your-message\"><\/textarea><\/span> <\/label>\n<\/p>\n<p><input class=\"wpcf7-form-control wpcf7-submit has-spinner\" type=\"submit\" value=\"Wy\u015blij\" \/>\n<\/p><div class=\"wpcf7-response-output\" aria-hidden=\"true\"><\/div>\n<\/form>\n<\/div>\n\r\n\t\t\t\t<script>\r\n\t\t\t\tif ( typeof huOptions !== 'undefined' ) {\r\n\t\t\t\t\tvar huFormData = {\"source\":\"contactform7\",\"id\":311,\"title\":\"Formularz 1\",\"fields\":{\"subject\":{\"first_name\":\"your-name\",\"email\":\"your-email\"},\"preferences\":{\"terms\":\"your-consent\"}}};\r\n\t\t\t\t\tvar huFormNode = document.querySelector( '[id^=\"wpcf7-f311-\"] form' );\r\n\r\n\t\t\t\t\thuFormData['node'] = huFormNode;\r\n\t\t\t\t\thuOptions['forms'].push( huFormData );\r\n\t\t\t\t}\r\n\t\t\t\t<\/script><\/div>\n<\/div>\n<\/div>\n<\/div>\n<\/div>\n<\/div><div  id=\"aktualnoci\" class=\"blog-section blog-section-standard content-section content-section-spacing\" style=\"background-color: #ffffff; background-image: none;\" data-label=\"Aktualnoci\" data-id=\"latest_news--1\" data-export-id=\"blog-section\" data-category=\"latest_news\">\n<div  class=\"\">\n<div  class=\"row\">\n<div  class=\"section-title-col\" data-type=\"column\">\n<h2  class=\"\">Aktualno\u015bci<\/h2>\n<\/div>\n<\/div>\n<div  class=\"row\">\n<div  data-type=\"row\" data-dynamic-columns=\"handled\" data-content-shortcode=\"mesmerize_latest_news columns=&quot;4&quot; \">\t\t<div class=\"row center-sm content-left-sm\">\n\t\t\t\t\t<div id=\"post-6894\" class=\"col-sm-6 col-md-4 space-bottom space-bottom-xs\">\n\t\t\t\t<div class=\"post-content card y-move bordered\">\n\t\t\t\t\t<div class=\"post-thumbnail\">\n   <a href=\"https:\/\/mjswidnica.home.pl\/esklep\/?p=6894\" class=\"post-list-item-thumb \">\n      \n            <svg class=\"mesmerize-post-list-item-thumb-placeholder\" width=\"890\" height=\"580\" viewBox=\"0 0 890 580\"\n         preserveAspectRatio=\"none\">\n         <rect width=\"890\" height=\"580\" style=\"fill:#FD0000;\"><\/rect>\n      <\/svg>\n               <\/a>\n<\/div>\n\t\t\t\t\t<div class=\"col-padding col-padding-xs\">\n\t\t\t\t\t\t<h3 class=\"post-title space-bottom-small\">\n\t\t\t\t\t\t\t<a href=\"https:\/\/mjswidnica.home.pl\/esklep\/?p=6894\" rel=\"bookmark\">\n\t\t\t\t\t\t\t\tFAKT  Potwierdza \u015awidnicki Najlepszym Majonezem!!!\t\t\t\t\t\t\t<\/a>\n\t\t\t\t\t\t<\/h3>\n\t\t\t\t\t\t<p>Ani Kielecki, ani Winiary. Ten majonez wygra\u0142 ranking &#8222;Faktu&#8221;<\/p>\n\t\t\t\t\t\t<a class=\"read-more link\" href=\"https:\/\/mjswidnica.home.pl\/esklep\/?p=6894\">\n\t\t\t\t\t\t\tRead more\t\t\t\t\t\t<\/a>\n\t\t\t\t\t<\/div>\n\t\t\t\t<\/div>\n\t\t\t<\/div>\n\t\t\t\t<\/div>\n\t<\/div>\n<\/div>\n<div  class=\"row\">\n<div  class=\"text-center\"><a  class=\"button color1\" href=\"https:\/\/mjswidnica.home.pl\/esklep\/?post_type=post\" data-attr-shortcode=\"href:mesmerize_blog_link\">Przeczytaj wszystkie<\/a><\/div>\n<\/div>\n<\/div>\n<\/div>","protected":false},"excerpt":{"rendered":"<p>M &amp; J Sp\u00f3\u0142ka M&amp;J powsta\u0142a w 1985 roku i od tego czasu ugruntowa\u0142a swoj\u0105 pozycj\u0119 lidera w regionie. Posiadamy w\u0142asne centrum logistyczne w \u015awidnicy wraz z rozbudowan\u0105 flot\u0105 transportow\u0105. Jeste\u015bmy licz\u0105cym si\u0119 w skali kraju dystrybutorem hurtowym. Nale\u017cymy do najsilniejszej polskiej, hurtowej grupy zakupowej PSH Unia S.A. To pozwala nam na najlepsze warunki zakupu&hellip; <br \/> <a class=\"read-more\" href=\"https:\/\/mjswidnica.home.pl\/esklep\/?p=6894\">Dowiedz si\u0119 wi\u0119cej<\/a><\/p>\n","protected":false},"author":7,"featured_media":0,"parent":0,"menu_order":0,"comment_status":"closed","ping_status":"closed","template":"page-templates\/homepage.php","meta":{"footnotes":""},"folder":[],"class_list":["post-433","page","type-page","status-publish","hentry"],"jetpack_sharing_enabled":true,"_links":{"self":[{"href":"https:\/\/mjswidnica.home.pl\/esklep\/index.php?rest_route=\/wp\/v2\/pages\/433","targetHints":{"allow":["GET"]}}],"collection":[{"href":"https:\/\/mjswidnica.home.pl\/esklep\/index.php?rest_route=\/wp\/v2\/pages"}],"about":[{"href":"https:\/\/mjswidnica.home.pl\/esklep\/index.php?rest_route=\/wp\/v2\/types\/page"}],"author":[{"embeddable":true,"href":"https:\/\/mjswidnica.home.pl\/esklep\/index.php?rest_route=\/wp\/v2\/users\/7"}],"replies":[{"embeddable":true,"href":"https:\/\/mjswidnica.home.pl\/esklep\/index.php?rest_route=%2Fwp%2Fv2%2Fcomments&post=433"}],"version-history":[{"count":111,"href":"https:\/\/mjswidnica.home.pl\/esklep\/index.php?rest_route=\/wp\/v2\/pages\/433\/revisions"}],"predecessor-version":[{"id":7751,"href":"https:\/\/mjswidnica.home.pl\/esklep\/index.php?rest_route=\/wp\/v2\/pages\/433\/revisions\/7751"}],"wp:attachment":[{"href":"https:\/\/mjswidnica.home.pl\/esklep\/index.php?rest_route=%2Fwp%2Fv2%2Fmedia&parent=433"}],"wp:term":[{"taxonomy":"folder","embeddable":true,"href":"https:\/\/mjswidnica.home.pl\/esklep\/index.php?rest_route=%2Fwp%2Fv2%2Ffolder&post=433"}],"curies":[{"name":"wp","href":"https:\/\/api.w.org\/{rel}","templated":true}]}}